{"id":4086,"date":"2024-01-03T01:33:57","date_gmt":"2024-01-03T01:33:57","guid":{"rendered":"https:\/\/wp.ditsolution.net\/royella-multipurpose\/?page_id=4086"},"modified":"2025-06-12T09:46:08","modified_gmt":"2025-06-12T09:46:08","slug":"faqs","status":"publish","type":"page","link":"https:\/\/casamariella.com\/de\/faqs\/","title":{"rendered":"FAQs"},"content":{"rendered":"<div data-elementor-type=\"wp-page\" data-elementor-id=\"4086\" class=\"elementor elementor-4086\">\n\t\t\t\t\t\t<section class=\"elementor-section elementor-top-section elementor-element elementor-element-2f72c9a elementor-section-full_width elementor-section-height-default elementor-section-height-default\" data-id=\"2f72c9a\" data-element_type=\"section\" data-e-type=\"section\">\n\t\t\t\t\t\t<div class=\"elementor-container elementor-column-gap-no\">\n\t\t\t\t\t<div class=\"elementor-column elementor-col-100 elementor-top-column elementor-element elementor-element-f35593b\" data-id=\"f35593b\" data-element_type=\"column\" data-e-type=\"column\">\n\t\t\t<div class=\"elementor-widget-wrap elementor-element-populated\">\n\t\t\t\t\t\t<div class=\"elementor-element elementor-element-8e9aefa elementor-arrows-position-inside elementor-widget elementor-widget-image-carousel\" data-id=\"8e9aefa\" data-element_type=\"widget\" data-e-type=\"widget\" data-settings=\"{&quot;slides_to_show&quot;:&quot;1&quot;,&quot;navigation&quot;:&quot;arrows&quot;,&quot;autoplay&quot;:&quot;yes&quot;,&quot;pause_on_hover&quot;:&quot;yes&quot;,&quot;pause_on_interaction&quot;:&quot;yes&quot;,&quot;autoplay_speed&quot;:5000,&quot;infinite&quot;:&quot;yes&quot;,&quot;effect&quot;:&quot;slide&quot;,&quot;speed&quot;:500}\" data-widget_type=\"image-carousel.default\">\n\t\t\t\t<div class=\"elementor-widget-container\">\n\t\t\t\t\t\t\t<div class=\"elementor-image-carousel-wrapper swiper\" role=\"region\" aria-roledescription=\"carousel\" aria-label=\"Bild-Karussell\" dir=\"ltr\">\n\t\t\t<div class=\"elementor-image-carousel swiper-wrapper\" aria-live=\"off\">\n\t\t\t\t\t\t\t\t<div class=\"swiper-slide\" role=\"group\" aria-roledescription=\"slide\" aria-label=\"1 von 9\" data-no-translation-aria-label=\"\"><figure class=\"swiper-slide-inner\"><img decoding=\"async\" class=\"swiper-slide-image lazyload\" data-src=\"https:\/\/casamariella.com\/wp-content\/uploads\/2025\/03\/2-6.png\" alt=\"2\" src=\"data:image\/svg+xml;base64,PHN2ZyB3aWR0aD0iMSIgaGVpZ2h0PSIxIiB4bWxucz0iaHR0cDovL3d3dy53My5vcmcvMjAwMC9zdmciPjwvc3ZnPg==\" style=\"--smush-placeholder-width: 1920px; --smush-placeholder-aspect-ratio: 1920\/600;\" \/><\/figure><\/div><div class=\"swiper-slide\" role=\"group\" aria-roledescription=\"slide\" aria-label=\"2 von 9\" data-no-translation-aria-label=\"\"><figure class=\"swiper-slide-inner\"><img decoding=\"async\" class=\"swiper-slide-image lazyload\" data-src=\"https:\/\/casamariella.com\/wp-content\/uploads\/2025\/03\/3-6.png\" alt=\"3\" src=\"data:image\/svg+xml;base64,PHN2ZyB3aWR0aD0iMSIgaGVpZ2h0PSIxIiB4bWxucz0iaHR0cDovL3d3dy53My5vcmcvMjAwMC9zdmciPjwvc3ZnPg==\" style=\"--smush-placeholder-width: 1920px; --smush-placeholder-aspect-ratio: 1920\/600;\" \/><\/figure><\/div><div class=\"swiper-slide\" role=\"group\" aria-roledescription=\"slide\" aria-label=\"3 von 9\" data-no-translation-aria-label=\"\"><figure class=\"swiper-slide-inner\"><img decoding=\"async\" class=\"swiper-slide-image lazyload\" data-src=\"https:\/\/casamariella.com\/wp-content\/uploads\/2025\/03\/4-6.png\" alt=\"4\" src=\"data:image\/svg+xml;base64,PHN2ZyB3aWR0aD0iMSIgaGVpZ2h0PSIxIiB4bWxucz0iaHR0cDovL3d3dy53My5vcmcvMjAwMC9zdmciPjwvc3ZnPg==\" style=\"--smush-placeholder-width: 1920px; --smush-placeholder-aspect-ratio: 1920\/600;\" \/><\/figure><\/div><div class=\"swiper-slide\" role=\"group\" aria-roledescription=\"slide\" aria-label=\"4 von 9\" data-no-translation-aria-label=\"\"><figure class=\"swiper-slide-inner\"><img decoding=\"async\" class=\"swiper-slide-image lazyload\" data-src=\"https:\/\/casamariella.com\/wp-content\/uploads\/2025\/03\/5-5.png\" alt=\"5\" src=\"data:image\/svg+xml;base64,PHN2ZyB3aWR0aD0iMSIgaGVpZ2h0PSIxIiB4bWxucz0iaHR0cDovL3d3dy53My5vcmcvMjAwMC9zdmciPjwvc3ZnPg==\" style=\"--smush-placeholder-width: 1920px; --smush-placeholder-aspect-ratio: 1920\/600;\" \/><\/figure><\/div><div class=\"swiper-slide\" role=\"group\" aria-roledescription=\"slide\" aria-label=\"5 von 9\" data-no-translation-aria-label=\"\"><figure class=\"swiper-slide-inner\"><img decoding=\"async\" class=\"swiper-slide-image lazyload\" data-src=\"https:\/\/casamariella.com\/wp-content\/uploads\/2025\/03\/6-5.png\" alt=\"6\" src=\"data:image\/svg+xml;base64,PHN2ZyB3aWR0aD0iMSIgaGVpZ2h0PSIxIiB4bWxucz0iaHR0cDovL3d3dy53My5vcmcvMjAwMC9zdmciPjwvc3ZnPg==\" style=\"--smush-placeholder-width: 1920px; --smush-placeholder-aspect-ratio: 1920\/600;\" \/><\/figure><\/div><div class=\"swiper-slide\" role=\"group\" aria-roledescription=\"slide\" aria-label=\"6 von 9\" data-no-translation-aria-label=\"\"><figure class=\"swiper-slide-inner\"><img decoding=\"async\" class=\"swiper-slide-image lazyload\" data-src=\"https:\/\/casamariella.com\/wp-content\/uploads\/2025\/03\/7-6.png\" alt=\"7\" src=\"data:image\/svg+xml;base64,PHN2ZyB3aWR0aD0iMSIgaGVpZ2h0PSIxIiB4bWxucz0iaHR0cDovL3d3dy53My5vcmcvMjAwMC9zdmciPjwvc3ZnPg==\" style=\"--smush-placeholder-width: 1920px; --smush-placeholder-aspect-ratio: 1920\/600;\" \/><\/figure><\/div><div class=\"swiper-slide\" role=\"group\" aria-roledescription=\"slide\" aria-label=\"7 von 9\" data-no-translation-aria-label=\"\"><figure class=\"swiper-slide-inner\"><img decoding=\"async\" class=\"swiper-slide-image lazyload\" data-src=\"https:\/\/casamariella.com\/wp-content\/uploads\/2025\/03\/8-5.png\" alt=\"8\" src=\"data:image\/svg+xml;base64,PHN2ZyB3aWR0aD0iMSIgaGVpZ2h0PSIxIiB4bWxucz0iaHR0cDovL3d3dy53My5vcmcvMjAwMC9zdmciPjwvc3ZnPg==\" style=\"--smush-placeholder-width: 1920px; --smush-placeholder-aspect-ratio: 1920\/600;\" \/><\/figure><\/div><div class=\"swiper-slide\" role=\"group\" aria-roledescription=\"slide\" aria-label=\"8 von 9\" data-no-translation-aria-label=\"\"><figure class=\"swiper-slide-inner\"><img decoding=\"async\" class=\"swiper-slide-image lazyload\" data-src=\"https:\/\/casamariella.com\/wp-content\/uploads\/2025\/03\/9-5.png\" alt=\"9\" src=\"data:image\/svg+xml;base64,PHN2ZyB3aWR0aD0iMSIgaGVpZ2h0PSIxIiB4bWxucz0iaHR0cDovL3d3dy53My5vcmcvMjAwMC9zdmciPjwvc3ZnPg==\" style=\"--smush-placeholder-width: 1920px; --smush-placeholder-aspect-ratio: 1920\/600;\" \/><\/figure><\/div><div class=\"swiper-slide\" role=\"group\" aria-roledescription=\"slide\" aria-label=\"9 von 9\" data-no-translation-aria-label=\"\"><figure class=\"swiper-slide-inner\"><img decoding=\"async\" class=\"swiper-slide-image lazyload\" data-src=\"https:\/\/casamariella.com\/wp-content\/uploads\/2025\/03\/1-6.png\" alt=\"1\" src=\"data:image\/svg+xml;base64,PHN2ZyB3aWR0aD0iMSIgaGVpZ2h0PSIxIiB4bWxucz0iaHR0cDovL3d3dy53My5vcmcvMjAwMC9zdmciPjwvc3ZnPg==\" style=\"--smush-placeholder-width: 1920px; --smush-placeholder-aspect-ratio: 1920\/600;\" \/><\/figure><\/div>\t\t\t<\/div>\n\t\t\t\t\t\t\t\t\t\t\t\t<div class=\"elementor-swiper-button elementor-swiper-button-prev\" role=\"button\" tabindex=\"0\">\n\t\t\t\t\t\t<i aria-hidden=\"true\" class=\"flaticon flaticon-back\"><\/i>\t\t\t\t\t<\/div>\n\t\t\t\t\t<div class=\"elementor-swiper-button elementor-swiper-button-next\" role=\"button\" tabindex=\"0\">\n\t\t\t\t\t\t<i aria-hidden=\"true\" class=\"flaticon flaticon-next\"><\/i>\t\t\t\t\t<\/div>\n\t\t\t\t\n\t\t\t\t\t\t\t\t\t<\/div>\n\t\t\t\t\t\t<\/div>\n\t\t\t\t<\/div>\n\t\t\t\t\t<\/div>\n\t\t<\/div>\n\t\t\t\t\t<\/div>\n\t\t<\/section>\n\t\t\t\t<section class=\"elementor-section elementor-top-section elementor-element elementor-element-c3c3c3f elementor-section-boxed elementor-section-height-default elementor-section-height-default\" data-id=\"c3c3c3f\" data-element_type=\"section\" data-e-type=\"section\">\n\t\t\t\t\t\t<div class=\"elementor-container elementor-column-gap-default\">\n\t\t\t\t\t<div class=\"elementor-column elementor-col-100 elementor-top-column elementor-element elementor-element-b7bfd6a\" data-id=\"b7bfd6a\" data-element_type=\"column\" data-e-type=\"column\">\n\t\t\t<div class=\"elementor-widget-wrap elementor-element-populated\">\n\t\t\t\t\t\t<div class=\"elementor-element elementor-element-ff34eb1 elementor-widget elementor-widget-heading\" data-id=\"ff34eb1\" data-element_type=\"widget\" data-e-type=\"widget\" data-widget_type=\"heading.default\">\n\t\t\t\t<div class=\"elementor-widget-container\">\n\t\t\t\t\t<h2 class=\"elementor-heading-title elementor-size-default\">H\u00c4UFIG GESTELLTE FRAGEN<\/h2>\t\t\t\t<\/div>\n\t\t\t\t<\/div>\n\t\t\t\t<div class=\"elementor-element elementor-element-0cca308 elementor-widget elementor-widget-text-editor\" data-id=\"0cca308\" data-element_type=\"widget\" data-e-type=\"widget\" data-widget_type=\"text-editor.default\">\n\t\t\t\t<div class=\"elementor-widget-container\">\n\t\t\t\t\t\t\t\t\t<p>Haben Sie Fragen zu Ihrem Aufenthalt in der Casa Mariella? In unserem FAQ-Bereich finden Sie alles Wissenswerte \u2013 von der Ausstattung und dem Check-in,  Aktivit\u00e4ten in der Umgebung und Hausregeln. Hier finden Sie schnelle Antworten, die Ihnen bei der Planung Ihres perfekten Toskana-Urlaubs helfen werden.<\/p>\t\t\t\t\t\t\t\t<\/div>\n\t\t\t\t<\/div>\n\t\t\t\t\t<\/div>\n\t\t<\/div>\n\t\t\t\t\t<\/div>\n\t\t<\/section>\n\t\t\t\t<section class=\"elementor-section elementor-top-section elementor-element elementor-element-267e3db elementor-section-boxed elementor-section-height-default elementor-section-height-default\" data-id=\"267e3db\" data-element_type=\"section\" data-e-type=\"section\" data-settings=\"{&quot;background_background&quot;:&quot;classic&quot;}\">\n\t\t\t\t\t\t<div class=\"elementor-container elementor-column-gap-default\">\n\t\t\t\t\t<div class=\"elementor-column elementor-col-100 elementor-top-column elementor-element elementor-element-a404f81\" data-id=\"a404f81\" data-element_type=\"column\" data-e-type=\"column\">\n\t\t\t<div class=\"elementor-widget-wrap elementor-element-populated\">\n\t\t\t\t\t\t<section class=\"elementor-section elementor-inner-section elementor-element elementor-element-5d15c22 elementor-section-boxed elementor-section-height-default elementor-section-height-default\" data-id=\"5d15c22\" data-element_type=\"section\" data-e-type=\"section\">\n\t\t\t\t\t\t<div class=\"elementor-container elementor-column-gap-default\">\n\t\t\t\t\t<div class=\"elementor-column elementor-col-100 elementor-inner-column elementor-element elementor-element-5a18036\" data-id=\"5a18036\" data-element_type=\"column\" data-e-type=\"column\">\n\t\t\t<div class=\"elementor-widget-wrap elementor-element-populated\">\n\t\t\t\t\t\t<div class=\"elementor-element elementor-element-15bc02b elementor-widget elementor-widget-section-title\" data-id=\"15bc02b\" data-element_type=\"widget\" data-e-type=\"widget\" data-widget_type=\"section-title.default\">\n\t\t\t\t<div class=\"elementor-widget-container\">\n\t\t\t\t\t\r\n\t\t\r\n\t\t\t<div class=\"section-title style1 center\">\r\n\t\t\t\t<div class=\"section-image\">\r\n\t\t\t\t\t<img decoding=\"async\" data-src=\"https:\/\/casamariella.com\/wp-content\/uploads\/2025\/03\/Casa-Mariella-2-e1741181403567.png\" alt=\"\" src=\"data:image\/svg+xml;base64,PHN2ZyB3aWR0aD0iMSIgaGVpZ2h0PSIxIiB4bWxucz0iaHR0cDovL3d3dy53My5vcmcvMjAwMC9zdmciPjwvc3ZnPg==\" class=\"lazyload\" style=\"--smush-placeholder-width: 50px; --smush-placeholder-aspect-ratio: 50\/50;\">\r\n\t\t\t\t<\/div>\r\n\t\t\t\t\t\t\t\t\r\n\t\t\t\t \r\n\t\t\t\t\t<h3 class=\"title\">H\u00c4UFIG GESTELLTE FRAGEN<\/h3>\r\n\t\t\t\t\t\t\t\t\r\n\t\t\t\t\t\t\t<\/div>\r\n\r\n\t\t\r\n\t\t\t\t\t\t<\/div>\n\t\t\t\t<\/div>\n\t\t\t\t<div class=\"elementor-element elementor-element-c1ced16 elementor-widget elementor-widget-ditaccordion\" data-id=\"c1ced16\" data-element_type=\"widget\" data-e-type=\"widget\" data-widget_type=\"ditaccordion.default\">\n\t\t\t\t<div class=\"elementor-widget-container\">\n\t\t\t\t\t\r\n\t\t\r\n        \t\t<ul class=\"my-accordion style-two\">\r\n        \t\t\t        \t\t\t<li>\r\n        \t\t\t\t<a>Gibt es in der Casa Mariella Parkpl\u00e4tze?<\/a>\r\n        \t\t\t\t<p>Ja, es gibt kostenlose Parkpl\u00e4tze vor Ort f\u00fcr die G\u00e4ste.<\/p>\r\n        \t\t\t<\/li>\r\n        \t\t\t        \t\t\t<li>\r\n        \t\t\t\t<a>Ist das Schwimmbad privat?<\/a>\r\n        \t\t\t\t<p>Ja, der gro\u00dfe Swimmingpool ist ausschlie\u00dflich f\u00fcr die G\u00e4ste von Casa Mariella bestimmt.<\/p>\r\n        \t\t\t<\/li>\r\n        \t\t\t        \t\t\t<li>\r\n        \t\t\t\t<a>Sind Haustiere erlaubt?<\/a>\r\n        \t\t\t\t<p>Haustiere sind erlaubt und werden mit 30 \u20ac pro Haustier und Woche berechnet.<\/p>\r\n        \t\t\t<\/li>\r\n        \t\t\t        \t\t\t<li>\r\n        \t\t\t\t<a>Verf\u00fcgt das Haus \u00fcber Wi-Fi?<\/a>\r\n        \t\t\t\t<p>Ja, Casa Mariella ist mit High-Speed-Wi-Fi im gesamten Geb\u00e4ude ausgestattet.<\/p>\r\n        \t\t\t<\/li>\r\n        \t\t\t        \t\t\t<li>\r\n        \t\t\t\t<a>Ist das Rauchen erlaubt?<\/a>\r\n        \t\t\t\t<p>Das Rauchen ist im Haus nicht gestattet. Die G\u00e4ste d\u00fcrfen in den ausgewiesenen Au\u00dfenbereichen rauchen und m\u00fcssen die bereitgestellten Aschenbecher benutzen.<\/p>\r\n        \t\t\t<\/li>\r\n        \t\t\t        \t\t\t<li>\r\n        \t\t\t\t<a>Wie ist die Check-in und Check-out Zeit?<\/a>\r\n        \t\t\t\t<p>Der Check-in beginnt um 14.00 Uhr, der Check-out um 10.00 Uhr.<\/p>\r\n        \t\t\t<\/li>\r\n        \t\t\t        \t\t\t<li>\r\n        \t\t\t\t<a>Sind Bettw\u00e4sche und Handt\u00fccher vorhanden?<\/a>\r\n        \t\t\t\t<p>Ja, frische Bettw\u00e4sche und Handt\u00fccher werden f\u00fcr alle G\u00e4ste w\u00e4hrend ihres Aufenthalts bereitgestellt.<\/p>\r\n        \t\t\t<\/li>\r\n        \t\t\t        \t\t\t<li>\r\n        \t\t\t\t<a>Wie weit ist Casa Mariella von lokalen Sehensw\u00fcrdigkeiten entfernt?<\/a>\r\n        \t\t\t\t<p>Das Haus ist 9 km von den Str\u00e4nden der Versilia Riviera entfernt und liegt in der N\u00e4he der wichtigsten toskanischen St\u00e4dte wie Lucca, Pisa und Florenz.<\/p>\r\n        \t\t\t<\/li>\r\n        \t\t\t        \t\t\t<li>\r\n        \t\t\t\t<a>Gibt es Einschr\u00e4nkungen bei der Ausrichtung von Veranstaltungen oder Partys?<\/a>\r\n        \t\t\t\t<p>Obwohl wir gesellige Zusammenk\u00fcnfte begr\u00fc\u00dfen, ist die Ausrichtung von Veranstaltungen oder Partys nur mit vorheriger Genehmigung des Gastgebers gestattet.<\/p>\r\n        \t\t\t<\/li>\r\n        \t\t\t        \t\t\t<li>\r\n        \t\t\t\t<a>Gibt es eine Klimaanlage?<\/a>\r\n        \t\t\t\t<p>Ja, in 3 der Hauptschlafzimmer.<\/p>\r\n        \t\t\t<\/li>\r\n        \t\t\t        \t\t\t<li>\r\n        \t\t\t\t<a>Sind Babies\/Kinder erlaubt?<\/a>\r\n        \t\t\t\t<p>Ja, wir hei\u00dfen Babys und Kinder willkommen<\/p>\r\n        \t\t\t<\/li>\r\n        \t\t\t        \r\n        \t\t<\/ul>\r\n            \t<script>\r\n            \t\tjQuery(document).ready(function($) {\r\n            \t\t\t\"use strict\";\r\n        \r\n        \t    $('.my-accordion > li:eq(0) a').addClass('active').next().slideDown();\r\n        \r\n        \t    $('.my-accordion a').click(function() {\r\n        \t        var dropDown = $(this).closest('li').find('p');\r\n        \r\n        \t        $(this).closest('.my-accordion').find('p').not(dropDown).slideUp();\r\n        \r\n        \t        if ($(this).hasClass('active')) {\r\n        \t            $(this).removeClass('active');\r\n        \t        } else {\r\n        \t            $(this).closest('.my-accordion').find('a.active').removeClass('active');\r\n        \t            $(this).addClass('active');\r\n        \t        }\r\n        \r\n        \t        dropDown.stop(false, true).slideToggle();\r\n        \r\n        \t        j.preventDefault();\r\n        \t    });\r\n\r\n            \t\t});\r\n            \t<\/script>\t\r\n            \t\r\n         \t\t\t\t<\/div>\n\t\t\t\t<\/div>\n\t\t\t\t\t<\/div>\n\t\t<\/div>\n\t\t\t\t\t<\/div>\n\t\t<\/section>\n\t\t\t\t\t<\/div>\n\t\t<\/div>\n\t\t\t\t\t<\/div>\n\t\t<\/section>\n\t\t\t\t<\/div>","protected":false},"excerpt":{"rendered":"<p>FREQUENTLY ASKED QUESTIONS Have questions about your stay at Casa Mariella? Our FAQ section covers everything you need to know, from amenities and check-in details to nearby activities and house policies. Find quick answers to help you plan the perfect Tuscan getaway FREQUENTLY ASKED QUESTIONS Is parking available at Casa Mariella? Yes, there is free [&hellip;]<\/p>\n","protected":false},"author":1,"featured_media":0,"parent":0,"menu_order":0,"comment_status":"closed","ping_status":"closed","template":"page-templates\/template-default.php","meta":{"footnotes":""},"class_list":["post-4086","page","type-page","status-publish","hentry"],"_links":{"self":[{"href":"https:\/\/casamariella.com\/de\/wp-json\/wp\/v2\/pages\/4086","targetHints":{"allow":["GET"]}}],"collection":[{"href":"https:\/\/casamariella.com\/de\/wp-json\/wp\/v2\/pages"}],"about":[{"href":"https:\/\/casamariella.com\/de\/wp-json\/wp\/v2\/types\/page"}],"author":[{"embeddable":true,"href":"https:\/\/casamariella.com\/de\/wp-json\/wp\/v2\/users\/1"}],"replies":[{"embeddable":true,"href":"https:\/\/casamariella.com\/de\/wp-json\/wp\/v2\/comments?post=4086"}],"version-history":[{"count":35,"href":"https:\/\/casamariella.com\/de\/wp-json\/wp\/v2\/pages\/4086\/revisions"}],"predecessor-version":[{"id":12482,"href":"https:\/\/casamariella.com\/de\/wp-json\/wp\/v2\/pages\/4086\/revisions\/12482"}],"wp:attachment":[{"href":"https:\/\/casamariella.com\/de\/wp-json\/wp\/v2\/media?parent=4086"}],"curies":[{"name":"wp","href":"https:\/\/api.w.org\/{rel}","templated":true}]}}