{"id":4086,"date":"2024-01-03T01:33:57","date_gmt":"2024-01-03T01:33:57","guid":{"rendered":"https:\/\/wp.ditsolution.net\/royella-multipurpose\/?page_id=4086"},"modified":"2025-06-12T09:46:08","modified_gmt":"2025-06-12T09:46:08","slug":"faqs","status":"publish","type":"page","link":"https:\/\/casamariella.com\/it\/faq\/","title":{"rendered":"FAQs"},"content":{"rendered":"<div data-elementor-type=\"wp-page\" data-elementor-id=\"4086\" class=\"elementor elementor-4086\">\n\t\t\t\t\t\t<section class=\"elementor-section elementor-top-section elementor-element elementor-element-2f72c9a elementor-section-full_width elementor-section-height-default elementor-section-height-default\" data-id=\"2f72c9a\" data-element_type=\"section\" data-e-type=\"section\">\n\t\t\t\t\t\t<div class=\"elementor-container elementor-column-gap-no\">\n\t\t\t\t\t<div class=\"elementor-column elementor-col-100 elementor-top-column elementor-element elementor-element-f35593b\" data-id=\"f35593b\" data-element_type=\"column\" data-e-type=\"column\">\n\t\t\t<div class=\"elementor-widget-wrap elementor-element-populated\">\n\t\t\t\t\t\t<div class=\"elementor-element elementor-element-8e9aefa elementor-arrows-position-inside elementor-widget elementor-widget-image-carousel\" data-id=\"8e9aefa\" data-element_type=\"widget\" data-e-type=\"widget\" data-settings=\"{&quot;slides_to_show&quot;:&quot;1&quot;,&quot;navigation&quot;:&quot;arrows&quot;,&quot;autoplay&quot;:&quot;yes&quot;,&quot;pause_on_hover&quot;:&quot;yes&quot;,&quot;pause_on_interaction&quot;:&quot;yes&quot;,&quot;autoplay_speed&quot;:5000,&quot;infinite&quot;:&quot;yes&quot;,&quot;effect&quot;:&quot;slide&quot;,&quot;speed&quot;:500}\" data-widget_type=\"image-carousel.default\">\n\t\t\t\t<div class=\"elementor-widget-container\">\n\t\t\t\t\t\t\t<div class=\"elementor-image-carousel-wrapper swiper\" role=\"region\" aria-roledescription=\"carousel\" aria-label=\"Carosello di immagini\" dir=\"ltr\">\n\t\t\t<div class=\"elementor-image-carousel swiper-wrapper\" aria-live=\"off\">\n\t\t\t\t\t\t\t\t<div class=\"swiper-slide\" role=\"group\" aria-roledescription=\"slide\" aria-label=\"1 di 9\"><figure class=\"swiper-slide-inner\"><img decoding=\"async\" class=\"swiper-slide-image lazyload\" data-src=\"https:\/\/casamariella.com\/wp-content\/uploads\/2025\/03\/2-6.png\" alt=\"2\" src=\"data:image\/svg+xml;base64,PHN2ZyB3aWR0aD0iMSIgaGVpZ2h0PSIxIiB4bWxucz0iaHR0cDovL3d3dy53My5vcmcvMjAwMC9zdmciPjwvc3ZnPg==\" style=\"--smush-placeholder-width: 1920px; --smush-placeholder-aspect-ratio: 1920\/600;\" \/><\/figure><\/div><div class=\"swiper-slide\" role=\"group\" aria-roledescription=\"slide\" aria-label=\"2 di 9\"><figure class=\"swiper-slide-inner\"><img decoding=\"async\" class=\"swiper-slide-image lazyload\" data-src=\"https:\/\/casamariella.com\/wp-content\/uploads\/2025\/03\/3-6.png\" alt=\"3\" src=\"data:image\/svg+xml;base64,PHN2ZyB3aWR0aD0iMSIgaGVpZ2h0PSIxIiB4bWxucz0iaHR0cDovL3d3dy53My5vcmcvMjAwMC9zdmciPjwvc3ZnPg==\" style=\"--smush-placeholder-width: 1920px; --smush-placeholder-aspect-ratio: 1920\/600;\" \/><\/figure><\/div><div class=\"swiper-slide\" role=\"group\" aria-roledescription=\"slide\" aria-label=\"3 di 9\"><figure class=\"swiper-slide-inner\"><img decoding=\"async\" class=\"swiper-slide-image lazyload\" data-src=\"https:\/\/casamariella.com\/wp-content\/uploads\/2025\/03\/4-6.png\" alt=\"4\" src=\"data:image\/svg+xml;base64,PHN2ZyB3aWR0aD0iMSIgaGVpZ2h0PSIxIiB4bWxucz0iaHR0cDovL3d3dy53My5vcmcvMjAwMC9zdmciPjwvc3ZnPg==\" style=\"--smush-placeholder-width: 1920px; --smush-placeholder-aspect-ratio: 1920\/600;\" \/><\/figure><\/div><div class=\"swiper-slide\" role=\"group\" aria-roledescription=\"slide\" aria-label=\"4 di 9\"><figure class=\"swiper-slide-inner\"><img decoding=\"async\" class=\"swiper-slide-image lazyload\" data-src=\"https:\/\/casamariella.com\/wp-content\/uploads\/2025\/03\/5-5.png\" alt=\"5\" src=\"data:image\/svg+xml;base64,PHN2ZyB3aWR0aD0iMSIgaGVpZ2h0PSIxIiB4bWxucz0iaHR0cDovL3d3dy53My5vcmcvMjAwMC9zdmciPjwvc3ZnPg==\" style=\"--smush-placeholder-width: 1920px; --smush-placeholder-aspect-ratio: 1920\/600;\" \/><\/figure><\/div><div class=\"swiper-slide\" role=\"group\" aria-roledescription=\"slide\" aria-label=\"5 di 9\"><figure class=\"swiper-slide-inner\"><img decoding=\"async\" class=\"swiper-slide-image lazyload\" data-src=\"https:\/\/casamariella.com\/wp-content\/uploads\/2025\/03\/6-5.png\" alt=\"6\" src=\"data:image\/svg+xml;base64,PHN2ZyB3aWR0aD0iMSIgaGVpZ2h0PSIxIiB4bWxucz0iaHR0cDovL3d3dy53My5vcmcvMjAwMC9zdmciPjwvc3ZnPg==\" style=\"--smush-placeholder-width: 1920px; --smush-placeholder-aspect-ratio: 1920\/600;\" \/><\/figure><\/div><div class=\"swiper-slide\" role=\"group\" aria-roledescription=\"slide\" aria-label=\"6 di 9\"><figure class=\"swiper-slide-inner\"><img decoding=\"async\" class=\"swiper-slide-image lazyload\" data-src=\"https:\/\/casamariella.com\/wp-content\/uploads\/2025\/03\/7-6.png\" alt=\"7\" src=\"data:image\/svg+xml;base64,PHN2ZyB3aWR0aD0iMSIgaGVpZ2h0PSIxIiB4bWxucz0iaHR0cDovL3d3dy53My5vcmcvMjAwMC9zdmciPjwvc3ZnPg==\" style=\"--smush-placeholder-width: 1920px; --smush-placeholder-aspect-ratio: 1920\/600;\" \/><\/figure><\/div><div class=\"swiper-slide\" role=\"group\" aria-roledescription=\"slide\" aria-label=\"7 di 9\"><figure class=\"swiper-slide-inner\"><img decoding=\"async\" class=\"swiper-slide-image lazyload\" data-src=\"https:\/\/casamariella.com\/wp-content\/uploads\/2025\/03\/8-5.png\" alt=\"8\" src=\"data:image\/svg+xml;base64,PHN2ZyB3aWR0aD0iMSIgaGVpZ2h0PSIxIiB4bWxucz0iaHR0cDovL3d3dy53My5vcmcvMjAwMC9zdmciPjwvc3ZnPg==\" style=\"--smush-placeholder-width: 1920px; --smush-placeholder-aspect-ratio: 1920\/600;\" \/><\/figure><\/div><div class=\"swiper-slide\" role=\"group\" aria-roledescription=\"slide\" aria-label=\"8 di 9\"><figure class=\"swiper-slide-inner\"><img decoding=\"async\" class=\"swiper-slide-image lazyload\" data-src=\"https:\/\/casamariella.com\/wp-content\/uploads\/2025\/03\/9-5.png\" alt=\"9\" src=\"data:image\/svg+xml;base64,PHN2ZyB3aWR0aD0iMSIgaGVpZ2h0PSIxIiB4bWxucz0iaHR0cDovL3d3dy53My5vcmcvMjAwMC9zdmciPjwvc3ZnPg==\" style=\"--smush-placeholder-width: 1920px; --smush-placeholder-aspect-ratio: 1920\/600;\" \/><\/figure><\/div><div class=\"swiper-slide\" role=\"group\" aria-roledescription=\"slide\" aria-label=\"9 di 9\"><figure class=\"swiper-slide-inner\"><img decoding=\"async\" class=\"swiper-slide-image lazyload\" data-src=\"https:\/\/casamariella.com\/wp-content\/uploads\/2025\/03\/1-6.png\" alt=\"1\" src=\"data:image\/svg+xml;base64,PHN2ZyB3aWR0aD0iMSIgaGVpZ2h0PSIxIiB4bWxucz0iaHR0cDovL3d3dy53My5vcmcvMjAwMC9zdmciPjwvc3ZnPg==\" style=\"--smush-placeholder-width: 1920px; --smush-placeholder-aspect-ratio: 1920\/600;\" \/><\/figure><\/div>\t\t\t<\/div>\n\t\t\t\t\t\t\t\t\t\t\t\t<div class=\"elementor-swiper-button elementor-swiper-button-prev\" role=\"button\" tabindex=\"0\">\n\t\t\t\t\t\t<i aria-hidden=\"true\" class=\"flaticon flaticon-back\"><\/i>\t\t\t\t\t<\/div>\n\t\t\t\t\t<div class=\"elementor-swiper-button elementor-swiper-button-next\" role=\"button\" tabindex=\"0\">\n\t\t\t\t\t\t<i aria-hidden=\"true\" class=\"flaticon flaticon-next\"><\/i>\t\t\t\t\t<\/div>\n\t\t\t\t\n\t\t\t\t\t\t\t\t\t<\/div>\n\t\t\t\t\t\t<\/div>\n\t\t\t\t<\/div>\n\t\t\t\t\t<\/div>\n\t\t<\/div>\n\t\t\t\t\t<\/div>\n\t\t<\/section>\n\t\t\t\t<section class=\"elementor-section elementor-top-section elementor-element elementor-element-c3c3c3f elementor-section-boxed elementor-section-height-default elementor-section-height-default\" data-id=\"c3c3c3f\" data-element_type=\"section\" data-e-type=\"section\">\n\t\t\t\t\t\t<div class=\"elementor-container elementor-column-gap-default\">\n\t\t\t\t\t<div class=\"elementor-column elementor-col-100 elementor-top-column elementor-element elementor-element-b7bfd6a\" data-id=\"b7bfd6a\" data-element_type=\"column\" data-e-type=\"column\">\n\t\t\t<div class=\"elementor-widget-wrap elementor-element-populated\">\n\t\t\t\t\t\t<div class=\"elementor-element elementor-element-ff34eb1 elementor-widget elementor-widget-heading\" data-id=\"ff34eb1\" data-element_type=\"widget\" data-e-type=\"widget\" data-widget_type=\"heading.default\">\n\t\t\t\t<div class=\"elementor-widget-container\">\n\t\t\t\t\t<h2 class=\"elementor-heading-title elementor-size-default\">DOMANDE FREQUENTI<\/h2>\t\t\t\t<\/div>\n\t\t\t\t<\/div>\n\t\t\t\t<div class=\"elementor-element elementor-element-0cca308 elementor-widget elementor-widget-text-editor\" data-id=\"0cca308\" data-element_type=\"widget\" data-e-type=\"widget\" data-widget_type=\"text-editor.default\">\n\t\t\t\t<div class=\"elementor-widget-container\">\n\t\t\t\t\t\t\t\t\t<p>Avete domande sul vostro soggiorno a Casa Mariella? La nostra sezione FAQ contiene tutto ci\u00f2 che dovete sapere, dai servizi e dettagli per il check-in alle attivit\u00e0 nelle vicinanze e alle politiche della casa. Qui le risposte rapide per aiutarvi a pianificare la perfetta vacanza in Toscana.<\/p>\t\t\t\t\t\t\t\t<\/div>\n\t\t\t\t<\/div>\n\t\t\t\t\t<\/div>\n\t\t<\/div>\n\t\t\t\t\t<\/div>\n\t\t<\/section>\n\t\t\t\t<section class=\"elementor-section elementor-top-section elementor-element elementor-element-267e3db elementor-section-boxed elementor-section-height-default elementor-section-height-default\" data-id=\"267e3db\" data-element_type=\"section\" data-e-type=\"section\" data-settings=\"{&quot;background_background&quot;:&quot;classic&quot;}\">\n\t\t\t\t\t\t<div class=\"elementor-container elementor-column-gap-default\">\n\t\t\t\t\t<div class=\"elementor-column elementor-col-100 elementor-top-column elementor-element elementor-element-a404f81\" data-id=\"a404f81\" data-element_type=\"column\" data-e-type=\"column\">\n\t\t\t<div class=\"elementor-widget-wrap elementor-element-populated\">\n\t\t\t\t\t\t<section class=\"elementor-section elementor-inner-section elementor-element elementor-element-5d15c22 elementor-section-boxed elementor-section-height-default elementor-section-height-default\" data-id=\"5d15c22\" data-element_type=\"section\" data-e-type=\"section\">\n\t\t\t\t\t\t<div class=\"elementor-container elementor-column-gap-default\">\n\t\t\t\t\t<div class=\"elementor-column elementor-col-100 elementor-inner-column elementor-element elementor-element-5a18036\" data-id=\"5a18036\" data-element_type=\"column\" data-e-type=\"column\">\n\t\t\t<div class=\"elementor-widget-wrap elementor-element-populated\">\n\t\t\t\t\t\t<div class=\"elementor-element elementor-element-15bc02b elementor-widget elementor-widget-section-title\" data-id=\"15bc02b\" data-element_type=\"widget\" data-e-type=\"widget\" data-widget_type=\"section-title.default\">\n\t\t\t\t<div class=\"elementor-widget-container\">\n\t\t\t\t\t\r\n\t\t\r\n\t\t\t<div class=\"section-title style1 center\">\r\n\t\t\t\t<div class=\"section-image\">\r\n\t\t\t\t\t<img decoding=\"async\" data-src=\"https:\/\/casamariella.com\/wp-content\/uploads\/2025\/03\/Casa-Mariella-2-e1741181403567.png\" alt=\"\" src=\"data:image\/svg+xml;base64,PHN2ZyB3aWR0aD0iMSIgaGVpZ2h0PSIxIiB4bWxucz0iaHR0cDovL3d3dy53My5vcmcvMjAwMC9zdmciPjwvc3ZnPg==\" class=\"lazyload\" style=\"--smush-placeholder-width: 50px; --smush-placeholder-aspect-ratio: 50\/50;\">\r\n\t\t\t\t<\/div>\r\n\t\t\t\t\t\t\t\t\r\n\t\t\t\t \r\n\t\t\t\t\t<h3 class=\"title\">DOMANDE FREQUENTI<\/h3>\r\n\t\t\t\t\t\t\t\t\r\n\t\t\t\t\t\t\t<\/div>\r\n\r\n\t\t\r\n\t\t\t\t\t\t<\/div>\n\t\t\t\t<\/div>\n\t\t\t\t<div class=\"elementor-element elementor-element-c1ced16 elementor-widget elementor-widget-ditaccordion\" data-id=\"c1ced16\" data-element_type=\"widget\" data-e-type=\"widget\" data-widget_type=\"ditaccordion.default\">\n\t\t\t\t<div class=\"elementor-widget-container\">\n\t\t\t\t\t\r\n\t\t\r\n        \t\t<ul class=\"my-accordion style-two\">\r\n        \t\t\t        \t\t\t<li>\r\n        \t\t\t\t<a>\u00c8 disponibile un parcheggio a Casa Mariella?<\/a>\r\n        \t\t\t\t<p>S\u00ec, \u00e8 disponibile un parcheggio gratuito in loco per gli ospiti.<\/p>\r\n        \t\t\t<\/li>\r\n        \t\t\t        \t\t\t<li>\r\n        \t\t\t\t<a>La piscina \u00e8 privata?<\/a>\r\n        \t\t\t\t<p>S\u00ec, la grande piscina \u00e8 riservata esclusivamente agli ospiti di Casa Mariella.<\/p>\r\n        \t\t\t<\/li>\r\n        \t\t\t        \t\t\t<li>\r\n        \t\t\t\t<a>Gli animali domestici sono ammessi?<\/a>\r\n        \t\t\t\t<p>Gli animali domestici sono ammessi al costo di 30 \u20ac a settimana ciascuno.<\/p>\r\n        \t\t\t<\/li>\r\n        \t\t\t        \t\t\t<li>\r\n        \t\t\t\t<a>La casa dispone di Wi-Fi?<\/a>\r\n        \t\t\t\t<p>S\u00ec, Casa Mariella \u00e8 dotata di connessione Wi-Fi ad alta velocit\u00e0 in tutta la struttura.<\/p>\r\n        \t\t\t<\/li>\r\n        \t\t\t        \t\t\t<li>\r\n        \t\t\t\t<a>\u00c8 consentito fumare?<\/a>\r\n        \t\t\t\t<p>Non \u00e8 consentito fumare all'interno della casa. Gli ospiti possono fumare nelle aree esterne appositamente predisposte e devono utilizzare i posacenere forniti.<\/p>\r\n        \t\t\t<\/li>\r\n        \t\t\t        \t\t\t<li>\r\n        \t\t\t\t<a>Qual \u00e8 l'orario di check-in e check-out?<\/a>\r\n        \t\t\t\t<p>Il check-in inizia alle 14:00 e il check-out avviene entro le 10:00 del mattino.<\/p>\r\n        \t\t\t<\/li>\r\n        \t\t\t        \t\t\t<li>\r\n        \t\t\t\t<a>Lenzuola e asciugamani sono forniti?<\/a>\r\n        \t\t\t\t<p>S\u00ec, lenzuola e asciugamani vengono forniti a tutti gli ospiti durante il loro soggiorno.<\/p>\r\n        \t\t\t<\/li>\r\n        \t\t\t        \t\t\t<li>\r\n        \t\t\t\t<a>Quanto dista Casa Mariella dalle attrazioni locali?<\/a>\r\n        \t\t\t\t<p>La casa si trova a 9 km dalle spiagge della Riviera della Versilia e vicino alle principali citt\u00e0 toscane come Lucca, Pisa e Firenze.<\/p>\r\n        \t\t\t<\/li>\r\n        \t\t\t        \t\t\t<li>\r\n        \t\t\t\t<a>Ci sono restrizioni per ospitare eventi o feste?<\/a>\r\n        \t\t\t\t<p>Anche se siamo favorevoli agli incontri sociali, l'organizzazione di eventi o feste \u00e8 consentita solo previa approvazione del padrone di casa.<\/p>\r\n        \t\t\t<\/li>\r\n        \t\t\t        \t\t\t<li>\r\n        \t\t\t\t<a>C'\u00e8 l'aria condizionata?<\/a>\r\n        \t\t\t\t<p>S\u00ec nelle 3 camere da letto principali.<\/p>\r\n        \t\t\t<\/li>\r\n        \t\t\t        \t\t\t<li>\r\n        \t\t\t\t<a>Sono ammessi neonati\/bambini?<\/a>\r\n        \t\t\t\t<p>S\u00ec, accogliamo neonati e bambini<\/p>\r\n        \t\t\t<\/li>\r\n        \t\t\t        \r\n        \t\t<\/ul>\r\n            \t<script>\r\n            \t\tjQuery(document).ready(function($) {\r\n            \t\t\t\"use strict\";\r\n        \r\n        \t    $('.my-accordion > li:eq(0) a').addClass('active').next().slideDown();\r\n        \r\n        \t    $('.my-accordion a').click(function() {\r\n        \t        var dropDown = $(this).closest('li').find('p');\r\n        \r\n        \t        $(this).closest('.my-accordion').find('p').not(dropDown).slideUp();\r\n        \r\n        \t        if ($(this).hasClass('active')) {\r\n        \t            $(this).removeClass('active');\r\n        \t        } else {\r\n        \t            $(this).closest('.my-accordion').find('a.active').removeClass('active');\r\n        \t            $(this).addClass('active');\r\n        \t        }\r\n        \r\n        \t        dropDown.stop(false, true).slideToggle();\r\n        \r\n        \t        j.preventDefault();\r\n        \t    });\r\n\r\n            \t\t});\r\n            \t<\/script>\t\r\n            \t\r\n         \t\t\t\t<\/div>\n\t\t\t\t<\/div>\n\t\t\t\t\t<\/div>\n\t\t<\/div>\n\t\t\t\t\t<\/div>\n\t\t<\/section>\n\t\t\t\t\t<\/div>\n\t\t<\/div>\n\t\t\t\t\t<\/div>\n\t\t<\/section>\n\t\t\t\t<\/div>","protected":false},"excerpt":{"rendered":"<p>FREQUENTLY ASKED QUESTIONS Have questions about your stay at Casa Mariella? Our FAQ section covers everything you need to know, from amenities and check-in details to nearby activities and house policies. Find quick answers to help you plan the perfect Tuscan getaway FREQUENTLY ASKED QUESTIONS Is parking available at Casa Mariella? Yes, there is free [&hellip;]<\/p>\n","protected":false},"author":1,"featured_media":0,"parent":0,"menu_order":0,"comment_status":"closed","ping_status":"closed","template":"page-templates\/template-default.php","meta":{"footnotes":""},"class_list":["post-4086","page","type-page","status-publish","hentry"],"_links":{"self":[{"href":"https:\/\/casamariella.com\/it\/wp-json\/wp\/v2\/pages\/4086","targetHints":{"allow":["GET"]}}],"collection":[{"href":"https:\/\/casamariella.com\/it\/wp-json\/wp\/v2\/pages"}],"about":[{"href":"https:\/\/casamariella.com\/it\/wp-json\/wp\/v2\/types\/page"}],"author":[{"embeddable":true,"href":"https:\/\/casamariella.com\/it\/wp-json\/wp\/v2\/users\/1"}],"replies":[{"embeddable":true,"href":"https:\/\/casamariella.com\/it\/wp-json\/wp\/v2\/comments?post=4086"}],"version-history":[{"count":35,"href":"https:\/\/casamariella.com\/it\/wp-json\/wp\/v2\/pages\/4086\/revisions"}],"predecessor-version":[{"id":12482,"href":"https:\/\/casamariella.com\/it\/wp-json\/wp\/v2\/pages\/4086\/revisions\/12482"}],"wp:attachment":[{"href":"https:\/\/casamariella.com\/it\/wp-json\/wp\/v2\/media?parent=4086"}],"curies":[{"name":"wp","href":"https:\/\/api.w.org\/{rel}","templated":true}]}}